{"id":2294,"date":"2026-03-23T08:31:13","date_gmt":"2026-03-23T07:31:13","guid":{"rendered":"https:\/\/landing.astrologiainterdimensional.com\/?page_id=2294"},"modified":"2026-03-23T15:23:59","modified_gmt":"2026-03-23T14:23:59","slug":"el-cielo-en-vivo-copy","status":"publish","type":"page","link":"https:\/\/landing.astrologiainterdimensional.com\/index.php\/el-cielo-en-vivo-copy\/","title":{"rendered":"El Cielo en Vivo Renacimiento"},"content":{"rendered":"<div id=\"sp-page\" class=\"spBgcover sp-content-1\" style=\"background-color: rgb(255, 255, 255); font-family: 'Helvetica Neue', Arial, sans-serif; font-weight: 400;\">\n<section id=\"sp-z3230rb99q1s\" data-mobile-visibility=\"#sp-z3230rb99q1s|false\" data-tablet-visibility=\"#sp-z3230rb99q1s|false\" data-desktop-visibility=\"#sp-z3230rb99q1s|false\" data-mobile-css=\"#sp-z3230rb99q1s|margin:0px 0px 0px 0px ;\" data-tablet-css=\"\" class=\"sp-el-section  spBgcover\" style=\"width: 100%; max-width: 100%; padding: 10px;\">\n<div id=\"sp-jfn212d0gyl8\" data-mobile-visibility=\"#sp-jfn212d0gyl8|false\" data-tablet-visibility=\"#sp-jfn212d0gyl8|false\" data-desktop-visibility=\"#sp-jfn212d0gyl8|false\" data-mobile-css=\"\" data-tablet-css=\"\" class=\"sp-el-row sp-w-full  sp-m-auto sm:sp-flex sp-justify-between\" style=\"padding: 0px; width: auto; max-width: 1000px;\">\n<div id=\"sp-vbkp6ovkqnxb\" data-mobile-visibility=\"#sp-vbkp6ovkqnxb|false\" data-tablet-visibility=\"#sp-vbkp6ovkqnxb|false\" data-desktop-visibility=\"#sp-vbkp6ovkqnxb|false\" data-mobile-css=\"\" data-tablet-css=\"\" class=\"sp-el-col  sp-w-full\" style=\"width: calc(100% + 0px);\">\n<figure id=\"sp-seyaob\" data-mobile-css=\"#sp-seyaob|text-align:center;\" data-tablet-css=\"#sp-seyaob|text-align:center;\" class=\"sp-image-wrapper sp-el-block\" style=\"margin: 0px; text-align: center;\">\n<div><span><img loading=\"lazy\" decoding=\"async\" src=\"https:\/\/landing.astrologiainterdimensional.com\/wp-content\/uploads\/2026\/03\/Astrologia-1.png\" alt=\"\" width=\"1920\" height=\"1080\" data-dynamic-tag=\"\" data-image-src=\"wpmedia\" data-mobile-visibility=\".sp-image-block-seyaob|false\" data-tablet-visibility=\".sp-image-block-seyaob|false\" data-desktop-visibility=\".sp-image-block-seyaob|false\" srcset=\" https:\/\/landing.astrologiainterdimensional.com\/wp-content\/uploads\/2026\/03\/Astrologia-1-150x150.png 150w, https:\/\/landing.astrologiainterdimensional.com\/wp-content\/uploads\/2026\/03\/Astrologia-1-300x169.png 300w, https:\/\/landing.astrologiainterdimensional.com\/wp-content\/uploads\/2026\/03\/Astrologia-1-1024x576.png 1024w, https:\/\/landing.astrologiainterdimensional.com\/wp-content\/uploads\/2026\/03\/Astrologia-1.png 1920w\" class=\"sp-image-block-seyaob custom-preview-class\" style=\"width: 1920px;\"><\/span><\/div>\n<div id=\"sp-image-dynamic-tags-js-seyaob\"><script>jQuery(function() { image_dynamic_tags('seyaob' );});<\/script><\/div>\n<\/figure>\n<div id=\"sp-u2kk5a\" data-mobile-css=\".sp-text-wrapper-u2kk5a, #sp-u2kk5a, #u2kk5a|text-align:left;\" data-tablet-css=\".sp-text-wrapper-u2kk5a, #sp-u2kk5a, #u2kk5a|text-align:left;\" data-mobile-visibility=\".sp-text-wrapper-u2kk5a|false\" data-tablet-visibility=\".sp-text-wrapper-u2kk5a|false\" data-desktop-visibility=\".sp-text-wrapper-u2kk5a|false\" class=\"sp-css-target sp-text-wrapper sp-el-block sp-text-block-style sp-text-wrapper-u2kk5a\" style=\"margin: 0px; text-align: left;\">\n<p data-start=\"0\" data-end=\"332\">En el primer d\u00eda de este evento (d\u00eda 28) vamos a hacer un viaje por la <strong data-start=\"44\" data-end=\"74\">l\u00ednea secreta del Pol\u00edmata<\/strong>: desde el Egipto arquet\u00edpico (Thot) y el legado de <strong data-start=\"126\" data-end=\"150\">Akenat\u00f3n y Nefertiti<\/strong>, pasando por el Renacimiento en Florencia (Da Vinci y Botticelli), hasta llegar al <strong data-start=\"234\" data-end=\"252\">nuevo Pol\u00edmata<\/strong>: una mujer moderna que integra ciencia, arte e intuici\u00f3n en una sola identidad.<\/p>\n<p data-start=\"334\" data-end=\"771\">Vamos a ver <strong data-start=\"346\" data-end=\"398\">por qu\u00e9 el cielo \u201canuncia\u201d un nuevo renacimiento<\/strong>, qu\u00e9 se\u00f1ales lo marcan a nivel generacional, y c\u00f3mo esa misma firma que activ\u00f3 genios en otros ciclos reaparece hoy en una <strong data-start=\"522\" data-end=\"541\">octava superior<\/strong>. Tambi\u00e9n vamos a conectar la historia con el mapa astral: la <strong data-start=\"603\" data-end=\"618\">carta natal<\/strong> como lenguaje que une destino, talento y prop\u00f3sito, para entender por qu\u00e9 lo que parece crisis colectiva es, en realidad, un cambio de especie interior.<\/p>\n<p data-start=\"1028\" data-end=\"1232\">&nbsp;<\/p>\n<\/div>\n<figure id=\"sp-jdottz\" data-mobile-css=\"#sp-jdottz|text-align:center;\" data-tablet-css=\"#sp-jdottz|text-align:center;\" class=\"sp-image-wrapper sp-el-block\" style=\"margin: 0px; text-align: center;\">\n<div><span><img loading=\"lazy\" decoding=\"async\" src=\"https:\/\/landing.astrologiainterdimensional.com\/wp-content\/uploads\/2026\/03\/Astrologia-2.png\" alt=\"\" width=\"1920\" height=\"1080\" data-dynamic-tag=\"\" data-image-src=\"wpmedia\" data-mobile-visibility=\".sp-image-block-jdottz|false\" data-tablet-visibility=\".sp-image-block-jdottz|false\" data-desktop-visibility=\".sp-image-block-jdottz|false\" srcset=\" https:\/\/landing.astrologiainterdimensional.com\/wp-content\/uploads\/2026\/03\/Astrologia-2-150x150.png 150w, https:\/\/landing.astrologiainterdimensional.com\/wp-content\/uploads\/2026\/03\/Astrologia-2-300x169.png 300w, https:\/\/landing.astrologiainterdimensional.com\/wp-content\/uploads\/2026\/03\/Astrologia-2-1024x576.png 1024w, https:\/\/landing.astrologiainterdimensional.com\/wp-content\/uploads\/2026\/03\/Astrologia-2.png 1920w\" class=\"sp-image-block-jdottz custom-preview-class\" style=\"width: 1920px;\"><\/span><\/div>\n<div id=\"sp-image-dynamic-tags-js-jdottz\"><script>jQuery(function() { image_dynamic_tags('jdottz' );});<\/script><\/div>\n<\/figure>\n<div id=\"sp-qiyrs0\" data-mobile-css=\".sp-text-wrapper-qiyrs0, #sp-qiyrs0, #qiyrs0|text-align:left;\" data-tablet-css=\".sp-text-wrapper-qiyrs0, #sp-qiyrs0, #qiyrs0|text-align:left;\" data-mobile-visibility=\".sp-text-wrapper-qiyrs0|false\" data-tablet-visibility=\".sp-text-wrapper-qiyrs0|false\" data-desktop-visibility=\".sp-text-wrapper-qiyrs0|false\" class=\"sp-css-target sp-text-wrapper sp-el-block sp-text-block-style sp-text-wrapper-qiyrs0\" style=\"margin: 0px; text-align: left;\">\n<p data-start=\"116\" data-end=\"500\">En el segundo d\u00eda en vez (d\u00eda 29) vamos a revelar el <strong data-start=\"150\" data-end=\"173\">mapa de unificaci\u00f3n<\/strong> que conecta el pasado con el futuro del ser humano. Vamos a recorrer una l\u00ednea hist\u00f3rica \u2014desde <strong data-start=\"270\" data-end=\"288\">Anunnaki\/Sumer<\/strong>, pasando por <strong data-start=\"302\" data-end=\"325\">Lemuria y Atl\u00e1ntida<\/strong>, el <strong data-start=\"330\" data-end=\"354\">Renacimiento Egipcio<\/strong>, y el Renacimiento en <strong data-start=\"377\" data-end=\"390\">Florencia<\/strong>\u2014 para entender por qu\u00e9 hoy estamos entrando en una <strong data-start=\"442\" data-end=\"461\">octava superior<\/strong>: el nacimiento del <strong data-start=\"481\" data-end=\"499\">Nuevo Pol\u00edmata<\/strong>.<\/p>\n<p data-start=\"502\" data-end=\"1026\">No hablamos solo de un renacimiento cultural. Hablamos de un proceso m\u00e1s profundo: <strong data-start=\"585\" data-end=\"616\">dejar de vivir fragmentados<\/strong> y empezar a operar desde una <strong data-start=\"646\" data-end=\"669\">totalidad integrada<\/strong>. Vamos a explorar c\u00f3mo ciertos relatos m\u00edtico-simb\u00f3licos (Sumer y Anunnakis) funcionan como lente para pensar la \u201cprogramaci\u00f3n\u201d de nuestra mente, y por qu\u00e9 el verdadero salto evolutivo es la <strong data-start=\"861\" data-end=\"906\">recuperaci\u00f3n del cerebro multidimensional<\/strong>: una conciencia capaz de sostener m\u00e1s de una capa de realidad y unir disciplinas, talentos y l\u00edneas de tiempo internas.<\/p>\n<p data-start=\"1028\" data-end=\"1232\">Este encuentro es una gu\u00eda para entender <strong data-start=\"1069\" data-end=\"1117\">qu\u00e9 est\u00e1 cambiando en la arquitectura humana<\/strong>, c\u00f3mo ser\u00e1 el arquetipo del Pol\u00edmata del nuevo renacimiento, y por qu\u00e9 <strong data-start=\"1189\" data-end=\"1231\">el pasado contiene la clave del futuro<\/strong>.<\/p>\n<p data-start=\"1028\" data-end=\"1232\">&nbsp;<\/p>\n<\/div>\n<p><span href=\"\" target=\"\" rel=\"\" class=\"sp-header-block-link\" style=\"text-decoration: none;\"><\/p>\n<h1 id=\"sp-y4uszzatpf5l\" data-mobile-css=\".sp-headline-block-y4uszzatpf5l, #sp-y4uszzatpf5l, #y4uszzatpf5l|font-size:30px;text-align:center;margin:0px 0px 0px 0px ;\" data-tablet-css=\".sp-headline-block-y4uszzatpf5l, #sp-y4uszzatpf5l, #y4uszzatpf5l|text-align:center;\" data-mobile-visibility=\".sp-headline-block-y4uszzatpf5l|false\" data-tablet-visibility=\".sp-headline-block-y4uszzatpf5l|false\" data-desktop-visibility=\".sp-headline-block-y4uszzatpf5l|false\" class=\"sp-css-target sp-el-block sp-headline-block-y4uszzatpf5l sp-type-header\" style=\"font-size: 31px; font-weight: 700; font-style: normal; color: rgb(0, 0, 0); text-align: center; margin: 0px;\">Si quieres inscribirte a este evento privado deja tu mail a continuaci\u00f3n y recibir\u00e1s los enlaces a cada uno de los directos.<\/p>\n<p>Adem\u00e1s, quedar\u00e1s suscripto\/a a mi bolet\u00edn interno, donde cada semana comparto mails exclusivos con \u00e1ngulos que no trabajo en ninguna de mis otras redes.<\/h1>\n<p><\/span><\/p>\n<div id=\"sp-a895ca\" data-mobile-css=\"#sp-a895ca|height:40px;\" data-tablet-css=\"#sp-a895ca|height:10px;\" class=\"sp-spacer\" style=\"height: 60px;\"><\/div>\n<div id=\"sp-zg371s\" data-mobile-visibility=\".sp-custom-html-block-zg371s|false\" data-tablet-visibility=\".sp-custom-html-block-zg371s|false\" data-desktop-visibility=\".sp-custom-html-block-zg371s|false\" data-mobile-css=\"\" data-tablet-css=\"\" class=\"sp-code-wrapper sp-el-block sp-custom-html-block-zg371s\" style=\"margin: 0px;\">\n<div class=\"sp-html\">\n<style>\n  @font-face {\n    font-display: block;\n    font-family: Roboto;\n    src: url(https:\/\/assets.brevo.com\/font\/Roboto\/Latin\/normal\/normal\/7529907e9eaf8ebb5220c5f9850e3811.woff2) format(\"woff2\"), url(https:\/\/assets.brevo.com\/font\/Roboto\/Latin\/normal\/normal\/25c678feafdc175a70922a116c9be3e7.woff) format(\"woff\")\n  }<\/p>\n<p>  @font-face {\n    font-display: fallback;\n    font-family: Roboto;\n    font-weight: 600;\n    src: url(https:\/\/assets.brevo.com\/font\/Roboto\/Latin\/medium\/normal\/6e9caeeafb1f3491be3e32744bc30440.woff2) format(\"woff2\"), url(https:\/\/assets.brevo.com\/font\/Roboto\/Latin\/medium\/normal\/71501f0d8d5aa95960f6475d5487d4c2.woff) format(\"woff\")\n  }<\/p>\n<p>  @font-face {\n    font-display: fallback;\n    font-family: Roboto;\n    font-weight: 700;\n    src: url(https:\/\/assets.brevo.com\/font\/Roboto\/Latin\/bold\/normal\/3ef7cf158f310cf752d5ad08cd0e7e60.woff2) format(\"woff2\"), url(https:\/\/assets.brevo.com\/font\/Roboto\/Latin\/bold\/normal\/ece3a1d82f18b60bcce0211725c476aa.woff) format(\"woff\")\n  }<\/p>\n<p>  #sib-container input:-ms-input-placeholder {\n    text-align: left;\n    font-family: Helvetica, sans-serif;\n    color: #c0ccda;\n  }<\/p>\n<p>  #sib-container input::placeholder {\n    text-align: left;\n    font-family: Helvetica, sans-serif;\n    color: #c0ccda;\n  }<\/p>\n<p>  #sib-container a {\n    text-decoration: underline;\n    color: #2BB2FC;\n  }\n<\/style>\n<link rel=\"stylesheet\" href=\"https:\/\/sibforms.com\/forms\/end-form\/build\/sib-styles.css\">\n<div class=\"sib-form\" style=\"text-align: center;\n         background-color: #fcfdfe;                                           \"><\/p>\n<div id=\"sib-form-container\" class=\"sib-form-container\">\n<div id=\"sib-container\" class=\"sib-container--large sib-container--vertical\" style=\"text-align:center; background-color:rgba(251,251,251,1); max-width:540px; border-radius:3px; border-width:1px; border-color:#C0CCD9; border-style:solid;\">\n<form id=\"sib-form\" method=\"POST\" action=\"https:\/\/73e5890f.sibforms.com\/serve\/MUIFABdu1Ifsd6nuZZBOEatboLrqOwHdapcH_6m_7lEkpAsJ-Pw8Cku-eJw7EgF4k1tmnxVz4KGl1wNXF3cBBMpiZActUEsi5ScLE-KfTIxvvkR2K0YFBL5dpbpMQBYiFo1HNniODZTsebfzubL4E_gVcj38nNzYMKWahdZn4vIzGXq4IQ1s257uUmtcQxwI_y1i3425NFUESVfg\">\n<div style=\"padding: 16px 0;\">\n<div class=\"sib-form-block\" style=\"font-size:32px; text-align:left; font-weight:700; font-family:Helvetica, sans-serif; color:#3C4858; background-color:transparent; text-align:left\">\n<p>Completa con tu email<\/p>\n<\/p><\/div>\n<\/p><\/div>\n<div style=\"padding: 16px 0;\">\n<div class=\"sib-input sib-form-block\">\n<div class=\"form__entry entry_block\">\n<div class=\"form__label-row \">\n                <label class=\"entry__label\" style=\"font-weight: 700; text-align:left; font-size:16px; text-align:left; font-weight:700; font-family:Helvetica, sans-serif; color:#3c4858;\" for=\"EMAIL\" data-required=\"*\">Introduzca su direcci\u00f3n de e-mail para recibir los enlace a los directos<\/label><\/p>\n<div class=\"entry__field\">\n                  <input class=\"input \" type=\"text\" id=\"EMAIL\" name=\"EMAIL\" autocomplete=\"off\" placeholder=\"EMAIL\" data-required=\"true\" required=\"\">\n                <\/div>\n<\/p><\/div>\n<p>              <label class=\"entry__error entry__error--primary\" style=\"font-size:16px; text-align:left; font-family:Helvetica, sans-serif; color:#661d1d; background-color:#ffeded; border-radius:3px; border-color:#ff4949;\"><br \/>\n              <\/label><br \/>\n              <label class=\"entry__specification\" style=\"font-size:12px; text-align:left; font-family:Helvetica, sans-serif; color:#8390A4; text-align:left\"><br \/>\n                Introduce tu direcci\u00f3n de e-mail para suscribirte. Ej.: abc@xyz.com<br \/>\n              <\/label>\n            <\/div>\n<\/p><\/div>\n<\/p><\/div>\n<div style=\"padding: 16px 0;\">\n<div class=\"sib-form-block\" style=\"text-align: left\">\n            <button class=\"sib-form-block__button sib-form-block__button-with-loader\" style=\"font-size:16px; text-align:left; font-weight:700; font-family:Helvetica, sans-serif; color:#FFFFFF; background-color:#3E4857; border-radius:3px; border-width:0px;\" form=\"sib-form\" type=\"submit\"><br \/>\n              <svg class=\"icon clickable__icon progress-indicator__icon sib-hide-loader-icon\" viewBox=\"0 0 512 512\" style=\"\">\n                <path d=\"M460.116 373.846l-20.823-12.022c-5.541-3.199-7.54-10.159-4.663-15.874 30.137-59.886 28.343-131.652-5.386-189.946-33.641-58.394-94.896-95.833-161.827-99.676C261.028 55.961 256 50.751 256 44.352V20.309c0-6.904 5.808-12.337 12.703-11.982 83.556 4.306 160.163 50.864 202.11 123.677 42.063 72.696 44.079 162.316 6.031 236.832-3.14 6.148-10.75 8.461-16.728 5.01z\"><\/path>\n              <\/svg><br \/>\n              Enviar<br \/>\n            <\/button>\n          <\/div>\n<\/p><\/div>\n<p>        <input type=\"text\" name=\"email_address_check\" value=\"\" class=\"input--hidden\"><br \/>\n        <input type=\"hidden\" name=\"locale\" value=\"es\"><br \/>\n        <input type=\"hidden\" name=\"html_type\" value=\"simple\"><br \/>\n      <\/form>\n<\/p><\/div>\n<\/p><\/div>\n<\/div>\n<\/div>\n<\/div>\n<\/div>\n<\/div>\n<\/section>\n<section id=\"sp-ro7oqys2t5m\" data-mobile-visibility=\"#sp-ro7oqys2t5m|false\" data-tablet-visibility=\"#sp-ro7oqys2t5m|false\" data-desktop-visibility=\"#sp-ro7oqys2t5m|false\" data-mobile-css=\"\" data-tablet-css=\"\" class=\"sp-el-section  spBgcover\" style=\"background-color: rgb(255, 255, 255); width: 100%; max-width: 100%; padding: 10px;\">\n<div id=\"sp-g9ep37tm5a3\" data-mobile-visibility=\"#sp-g9ep37tm5a3|false\" data-tablet-visibility=\"#sp-g9ep37tm5a3|false\" data-desktop-visibility=\"#sp-g9ep37tm5a3|false\" data-mobile-css=\"\" data-tablet-css=\"\" class=\"sp-el-row sp-w-full  sp-m-auto sm:sp-flex sp-justify-between\" style=\"padding: 0px; width: auto; max-width: 1000px;\">\n<div id=\"sp-t7rsfc16pqpo\" data-mobile-visibility=\"#sp-t7rsfc16pqpo|false\" data-tablet-visibility=\"#sp-t7rsfc16pqpo|false\" data-desktop-visibility=\"#sp-t7rsfc16pqpo|false\" data-mobile-css=\"\" data-tablet-css=\"\" class=\"sp-el-col  sp-w-full\" style=\"width: calc(100% + 0px);\">\n<div id=\"sp-g5wjsbfm8lzk\" data-mobile-css=\"#sp-g5wjsbfm8lzk .nav-menu .menu-item |text-align:center;width:100%\" data-tablet-css=\"#sp-g5wjsbfm8lzk .nav-menu .menu-item |text-align:center\" data-mobile-visibility=\".sp-nav-menu-block-g5wjsbfm8lzk|false\" data-tablet-visibility=\".sp-nav-menu-block-g5wjsbfm8lzk|false\" data-desktop-visibility=\".sp-nav-menu-block-g5wjsbfm8lzk|false\" class=\"sp-nav sp-flex sp-el-block sp-justify-center sp-nav-menu-block-g5wjsbfm8lzk\" style=\"margin: 0px; font-size: 27px; color: rgb(251, 140, 0); font-family: 'Berkshire Swash';\">\n<style type=\"text\/css\" data-mobile-css=\"\" data-tablet-css=\"#sp-g5wjsbfm8lzk|justify-content:center\"><\/style>\n<style type=\"text\/css\" data-mobile-css=\"#sp-g5wjsbfm8lzk ul li a |text-align:center\" data-tablet-css=\"#sp-g5wjsbfm8lzk ul li a |text-align:center\"><\/style>\n<style type=\"text\/css\" data-mobile-css=\"\"><\/style>\n<style type=\"text\/css\">\n    #sp-g5wjsbfm8lzk .seedprod-menu-horizontal .nav-menu .menu-item ,#sp-g5wjsbfm8lzk .seedprod-menu-horizontal .nav-menu .seedprod-menu-heading , #sp-g5wjsbfm8lzk .seedprod-menu-separator {padding:0px 13px}<\/p>\n<p>    #sp-g5wjsbfm8lzk .nav-menu ul.sub-menu {box-shadow:0 25px 50px -12px rgba(0, 0, 0, 0.25)}<\/p>\n<p>    #sp-g5wjsbfm8lzk ul li a {font-size:27px;font-family:Berkshire Swash}<\/p>\n<p>    #sp-g5wjsbfm8lzk .seedprod-menu-horizontal .nav-menu .separator.menu-item { padding:0px; }<\/p>\n<p>    #sp-g5wjsbfm8lzk .custom-restricted-width .menu-item{padding:13px 0px}<\/p>\n<p>    #sp-g5wjsbfm8lzk .seedprod-menu-list li a {color:#fb8c00;text-align:center}\n    #sp-g5wjsbfm8lzk .seedprod-menu-list li{color:#fb8c00;text-align:center}<\/p>\n<p>    #sp-g5wjsbfm8lzk .seedprod-menu-list li a:hover {text-align:center}<\/p>\n<p>    #sp-g5wjsbfm8lzk .sub-menu {border-radius:6px;padding:4px 4px 4px 4px }<\/p>\n<p>    #sp-g5wjsbfm8lzk .sub-menu a {color:#fb8c00}<\/p>\n<p>    #sp-g5wjsbfm8lzk ul.seedprod-menu-list ul.sub-menu li a:hover{}<\/p>\n<p>    #sp-g5wjsbfm8lzk .bar{background-color:#fb8c00;}\n  <\/style>\n<div class=\"sp-nested-nav-wrapper h sp-nav-class\">\n<div class=\"seedprod-menu seedprod-menu-builder seedprod-menu-horizontal sp-mobile-menu-false\">\n<nav class=\"nav-bar\">\n<div class=\"hamburger\"><span class=\"bar\"><\/span><span class=\"bar\"><\/span><span class=\"bar\"><\/span><\/div>\n<div class=\"nav-menu\">\n<div class=\"nav-menu-bar\">\n<ul class=\"seedprod-menu-list\" style=\"list-style-type: none;\">\n<li class=\"menu-item\"><a href=\"https:\/\/astrologiainterdimensional.com\/\" target=\"\" rel=\"\" style=\"color: rgb(251, 140, 0);\"><span>Inicio<\/span><\/a><\/li>\n<li class=\"menu-item\"><a href=\"https:\/\/landing.astrologiainterdimensional.com\/index.php\/academia\/\" target=\"\" rel=\"\" style=\"color: rgb(251, 140, 0);\"><span>Academia<\/span><\/a><\/li>\n<\/ul>\n<\/div>\n<\/div>\n<\/nav>\n<\/div>\n<\/div>\n<\/div>\n<figure id=\"sp-z8o7prc2ea7r\" data-mobile-css=\"#sp-z8o7prc2ea7r|text-align:center;\" data-tablet-css=\"#sp-z8o7prc2ea7r|text-align:center;\" class=\"sp-image-wrapper sp-el-block\" style=\"margin: 4px 0px 0px; text-align: center;\">\n<div><span><a href=\"https:\/\/astrologiainterdimensional.com\/\" target=\"\" rel=\"\" class=\"sp-inline-block\"><img loading=\"lazy\" decoding=\"async\" src=\"https:\/\/landing.astrologiainterdimensional.com\/wp-content\/uploads\/2025\/03\/Recurso-3.png\" alt=\"\" width=\"875\" height=\"730\" srcset=\" https:\/\/landing.astrologiainterdimensional.com\/wp-content\/uploads\/2025\/03\/Recurso-3-150x150.png 150w, https:\/\/landing.astrologiainterdimensional.com\/wp-content\/uploads\/2025\/03\/Recurso-3-300x250.png 300w, https:\/\/landing.astrologiainterdimensional.com\/wp-content\/uploads\/2025\/03\/Recurso-3.png 875w\" data-mobile-visibility=\".sp-image-block-z8o7prc2ea7r|false\" data-tablet-visibility=\".sp-image-block-z8o7prc2ea7r|false\" data-desktop-visibility=\".sp-image-block-z8o7prc2ea7r|false\" class=\"sp-image-block-z8o7prc2ea7r\" style=\"width: 200px;\"><\/a><\/span><\/div>\n<div id=\"sp-image-dynamic-tags-js-z8o7prc2ea7r\"><script>jQuery(function() { image_dynamic_tags('z8o7prc2ea7r' );});<\/script><\/div>\n<\/figure>\n<\/div>\n<\/div>\n<\/section>\n<\/div>\n","protected":false},"excerpt":{"rendered":"<p>En el primer d\u00eda de este evento (d\u00eda 28) vamos a hacer un viaje por la l\u00ednea secreta del Pol\u00edmata: desde el Egipto arquet\u00edpico (Thot) y el legado de Akenat\u00f3n y Nefertiti, pasando por el Renacimiento en Florencia (Da Vinci y Botticelli), hasta llegar al nuevo Pol\u00edmata: una mujer moderna que integra ciencia, arte e [&hellip;]<\/p>\n","protected":false},"author":2,"featured_media":0,"parent":0,"menu_order":0,"comment_status":"closed","ping_status":"closed","template":"","meta":{"footnotes":""},"class_list":["post-2294","page","type-page","status-publish","hentry"],"_links":{"self":[{"href":"https:\/\/landing.astrologiainterdimensional.com\/index.php\/wp-json\/wp\/v2\/pages\/2294","targetHints":{"allow":["GET"]}}],"collection":[{"href":"https:\/\/landing.astrologiainterdimensional.com\/index.php\/wp-json\/wp\/v2\/pages"}],"about":[{"href":"https:\/\/landing.astrologiainterdimensional.com\/index.php\/wp-json\/wp\/v2\/types\/page"}],"author":[{"embeddable":true,"href":"https:\/\/landing.astrologiainterdimensional.com\/index.php\/wp-json\/wp\/v2\/users\/2"}],"replies":[{"embeddable":true,"href":"https:\/\/landing.astrologiainterdimensional.com\/index.php\/wp-json\/wp\/v2\/comments?post=2294"}],"version-history":[{"count":17,"href":"https:\/\/landing.astrologiainterdimensional.com\/index.php\/wp-json\/wp\/v2\/pages\/2294\/revisions"}],"predecessor-version":[{"id":2318,"href":"https:\/\/landing.astrologiainterdimensional.com\/index.php\/wp-json\/wp\/v2\/pages\/2294\/revisions\/2318"}],"wp:attachment":[{"href":"https:\/\/landing.astrologiainterdimensional.com\/index.php\/wp-json\/wp\/v2\/media?parent=2294"}],"curies":[{"name":"wp","href":"https:\/\/api.w.org\/{rel}","templated":true}]}}