{"id":2329,"date":"2026-04-01T12:07:32","date_gmt":"2026-04-01T10:07:32","guid":{"rendered":"https:\/\/landing.astrologiainterdimensional.com\/?page_id=2329"},"modified":"2026-04-01T12:12:19","modified_gmt":"2026-04-01T10:12:19","slug":"semana-abril","status":"publish","type":"page","link":"https:\/\/landing.astrologiainterdimensional.com\/index.php\/semana-abril\/","title":{"rendered":"Semana Abril"},"content":{"rendered":"<div id=\"sp-page\" class=\"spBgcover sp-content-1\" style=\"background-color: rgb(255, 255, 255); font-family: 'Helvetica Neue', Arial, sans-serif; font-weight: 400;\">\n<section id=\"sp-p1sbhh1078qi\" data-mobile-visibility=\"#sp-p1sbhh1078qi|false\" data-tablet-visibility=\"#sp-p1sbhh1078qi|false\" data-desktop-visibility=\"#sp-p1sbhh1078qi|false\" data-mobile-css=\"\" data-tablet-css=\"\" class=\"sp-el-section \" style=\"background-image: linear-gradient(0deg, rgba(0, 0, 0, 0.85), rgba(0, 0, 0, 0.85)), url('https:\/\/landing.astrologiainterdimensional.com\/wp-content\/uploads\/2025\/10\/10422830-copia.jpg'); background-color: rgb(0, 0, 0); width: 100%; max-width: 100%; padding: 220px 10px;\">\n<div id=\"sp-gzfuaw98xks8\" data-mobile-visibility=\"#sp-gzfuaw98xks8|false\" data-tablet-visibility=\"#sp-gzfuaw98xks8|false\" data-desktop-visibility=\"#sp-gzfuaw98xks8|false\" data-mobile-css=\"\" data-tablet-css=\"\" class=\"sp-el-row sp-w-full  sp-m-auto sm:sp-flex sp-justify-between\" style=\"padding: 0px; width: auto; max-width: 770px;\">\n<div id=\"sp-qdgz7cqkfmrn\" data-mobile-visibility=\"#sp-qdgz7cqkfmrn|false\" data-tablet-visibility=\"#sp-qdgz7cqkfmrn|false\" data-desktop-visibility=\"#sp-qdgz7cqkfmrn|false\" data-mobile-css=\"\" data-tablet-css=\"\" class=\"sp-el-col  sp-w-full\" style=\"width: calc(100% + 0px);\">\n<div id=\"sp-xm0juq1ucona\" data-mobile-visibility=\".sp-icon-block-xm0juq1ucona|false\" data-tablet-visibility=\".sp-icon-block-xm0juq1ucona|false\" data-desktop-visibility=\".sp-icon-block-xm0juq1ucona|false\" data-mobile-css=\"#sp-xm0juq1ucona|text-align:center;\" data-tablet-css=\"#sp-xm0juq1ucona|text-align:center;\" class=\"sp-icon-wrapper sp-el-block sp-icon-block-xm0juq1ucona\" style=\"padding: 0px; text-align: center; justify-content: center; font-size: 40px; margin: 0px;\"><span><i class=\"fas fa-envelope\" style=\"font-size: 40px; color: rgb(255, 255, 255);\"><\/i><\/span><\/div>\n<p><span href=\"\" target=\"\" rel=\"\" class=\"sp-header-block-link\" style=\"text-decoration: none;\"><\/p>\n<h1 id=\"y4uszzatpf5l\" data-mobile-css=\".sp-headline-block-y4uszzatpf5l, #sp-y4uszzatpf5l, #y4uszzatpf5l|font-size:30px;text-align:center;\" data-tablet-css=\".sp-headline-block-y4uszzatpf5l, #sp-y4uszzatpf5l, #y4uszzatpf5l|text-align:center;\" data-mobile-visibility=\".sp-headline-block-y4uszzatpf5l|false\" data-tablet-visibility=\".sp-headline-block-y4uszzatpf5l|false\" data-desktop-visibility=\".sp-headline-block-y4uszzatpf5l|false\" class=\"sp-css-target sp-el-block  sp-headline-block-y4uszzatpf5l sp-type-header mce-content-body html4-captions\" style=\"font-size: 50px; font-weight: 700; font-style: normal; font-family: 'Open Sans'; color: rgb(255, 255, 255); text-align: center; margin: 0px; position: relative;\"  >Una gu\u00eda para entender qu\u00e9 se est\u00e1 moviendo, no reaccionar desde el caos y llegar al final de esta semana con m\u00e1s claridad sobre vos y tu pr\u00f3ximo paso.<\/h1>\n<p><\/span><\/p>\n<div id=\"sp-k60xwl3x6a6j\" data-mobile-css=\".sp-text-wrapper-k60xwl3x6a6j, #sp-k60xwl3x6a6j, #k60xwl3x6a6j|text-align:left;\" data-tablet-css=\".sp-text-wrapper-k60xwl3x6a6j, #sp-k60xwl3x6a6j, #k60xwl3x6a6j|text-align:left;\" data-mobile-visibility=\".sp-text-wrapper-k60xwl3x6a6j|false\" data-tablet-visibility=\".sp-text-wrapper-k60xwl3x6a6j|false\" data-desktop-visibility=\".sp-text-wrapper-k60xwl3x6a6j|false\" class=\"sp-css-target sp-text-wrapper sp-el-block sp-text-wrapper-k60xwl3x6a6j\" style=\"color: rgb(255, 255, 255); margin: 0px; text-align: center;\">\n<p style=\"text-align: center;\">Completa la solicitud con tu email \ud83d\udc47<\/p>\n<\/div>\n<div id=\"sp-oj69803pn6te\" data-mobile-css=\"#sp-oj69803pn6te|height:40px;\" data-tablet-css=\"#sp-oj69803pn6te|height:10px;\" class=\"sp-spacer\" style=\"height: 30px;\"><\/div>\n<div id=\"sp-lwb40y\" data-mobile-visibility=\".sp-custom-html-block-lwb40y|false\" data-tablet-visibility=\".sp-custom-html-block-lwb40y|false\" data-desktop-visibility=\".sp-custom-html-block-lwb40y|false\" data-mobile-css=\"\" data-tablet-css=\"\" class=\"sp-code-wrapper sp-el-block sp-custom-html-block-lwb40y\" style=\"margin: 0px;\">\n<div class=\"sp-html\">\n<style>\n  @font-face {\n    font-display: block;\n    font-family: Roboto;\n    src: url(https:\/\/assets.brevo.com\/font\/Roboto\/Latin\/normal\/normal\/7529907e9eaf8ebb5220c5f9850e3811.woff2) format(\"woff2\"), url(https:\/\/assets.brevo.com\/font\/Roboto\/Latin\/normal\/normal\/25c678feafdc175a70922a116c9be3e7.woff) format(\"woff\")\n  }<\/p>\n<p>  @font-face {\n    font-display: fallback;\n    font-family: Roboto;\n    font-weight: 600;\n    src: url(https:\/\/assets.brevo.com\/font\/Roboto\/Latin\/medium\/normal\/6e9caeeafb1f3491be3e32744bc30440.woff2) format(\"woff2\"), url(https:\/\/assets.brevo.com\/font\/Roboto\/Latin\/medium\/normal\/71501f0d8d5aa95960f6475d5487d4c2.woff) format(\"woff\")\n  }<\/p>\n<p>  @font-face {\n    font-display: fallback;\n    font-family: Roboto;\n    font-weight: 700;\n    src: url(https:\/\/assets.brevo.com\/font\/Roboto\/Latin\/bold\/normal\/3ef7cf158f310cf752d5ad08cd0e7e60.woff2) format(\"woff2\"), url(https:\/\/assets.brevo.com\/font\/Roboto\/Latin\/bold\/normal\/ece3a1d82f18b60bcce0211725c476aa.woff) format(\"woff\")\n  }<\/p>\n<p>  #sib-container input:-ms-input-placeholder {\n    text-align: left;\n    font-family: Helvetica, sans-serif;\n    color: #c0ccda;\n  }<\/p>\n<p>  #sib-container input::placeholder {\n    text-align: left;\n    font-family: Helvetica, sans-serif;\n    color: #c0ccda;\n  }<\/p>\n<p>  #sib-container a {\n    text-decoration: underline;\n    color: #2BB2FC;\n  }\n<\/style>\n<link rel=\"stylesheet\" href=\"https:\/\/sibforms.com\/forms\/end-form\/build\/sib-styles.css\">\n<div class=\"sib-form\" style=\"text-align: center;\n         background-color: transparent;                                           \"><\/p>\n<div id=\"sib-form-container\" class=\"sib-form-container\">\n<div id=\"sib-container\" class=\"sib-container--large sib-container--vertical\" style=\"text-align:center; background-color:rgba(255,255,255,1); max-width:540px; border-radius:3px; border-width:1px; border-color:#C0CCD9; border-style:solid;\">\n<form id=\"sib-form\" method=\"POST\" action=\"https:\/\/73e5890f.sibforms.com\/serve\/MUIFALgz_ilfDOwCvCttQF5gpu70BmgLQFOFlFhLab40IpOj1VnxDMg0Dfse1ukspoIpJhb3fWRoysLaoWQ_ZBURNWUdJSWyGDJJm_FwNFsZdVG3V-_2NGF5_MavESIVvWwwEd18oHzo7SnIrXSqKHghSorT2IC02V91NoJ9RKY3QlC5u56256wEWlD5dRh41ndgbSJ8M9teSSyy\">\n<div style=\"padding: 8px 0;\">\n<div class=\"sib-form-block\" style=\"font-size:32px; text-align:left; font-weight:700; font-family:Helvetica, sans-serif; color:#3C4858; background-color:transparent; text-align:left\">\n<p>Recibe el Mapa para atravesar la semana m\u00e1s intensa de Abril<\/p>\n<\/p><\/div>\n<\/p><\/div>\n<div style=\"padding: 8px 0;\">\n<div class=\"sib-input sib-form-block\">\n<div class=\"form__entry entry_block\">\n<div class=\"form__label-row \">\n                <label class=\"entry__label\" style=\"font-weight: 700; text-align:left; font-size:16px; text-align:left; font-weight:700; font-family:Helvetica, sans-serif; color:#3c4858;\" for=\"EMAIL\" data-required=\"*\">Introduces tu direcci\u00f3n de e-mail para recibirlo<\/label><\/p>\n<div class=\"entry__field\">\n                  <input class=\"input \" type=\"text\" id=\"EMAIL\" name=\"EMAIL\" autocomplete=\"off\" placeholder=\"EMAIL\" data-required=\"true\" required=\"\">\n                <\/div>\n<\/p><\/div>\n<p>              <label class=\"entry__error entry__error--primary\" style=\"font-size:16px; text-align:left; font-family:Helvetica, sans-serif; color:#661d1d; background-color:#ffeded; border-radius:3px; border-color:#ff4949;\"><br \/>\n              <\/label><br \/>\n              <label class=\"entry__specification\" style=\"font-size:12px; text-align:left; font-family:Helvetica, sans-serif; color:#8390A4; text-align:left\"><br \/>\n                Introduce tu direcci\u00f3n de e-mail. Ej.: abc@xyz.com<br \/>\n              <\/label>\n            <\/div>\n<\/p><\/div>\n<\/p><\/div>\n<div style=\"padding: 8px 0;\">\n<div class=\"sib-form-block\" style=\"text-align: left\">\n            <button class=\"sib-form-block__button sib-form-block__button-with-loader\" style=\"font-size:16px; text-align:left; font-weight:700; font-family:Helvetica, sans-serif; color:#FFFFFF; background-color:#3E4857; border-radius:3px; border-width:0px;\" form=\"sib-form\" type=\"submit\"><br \/>\n              <svg class=\"icon clickable__icon progress-indicator__icon sib-hide-loader-icon\" viewBox=\"0 0 512 512\" style=\"\">\n                <path d=\"M460.116 373.846l-20.823-12.022c-5.541-3.199-7.54-10.159-4.663-15.874 30.137-59.886 28.343-131.652-5.386-189.946-33.641-58.394-94.896-95.833-161.827-99.676C261.028 55.961 256 50.751 256 44.352V20.309c0-6.904 5.808-12.337 12.703-11.982 83.556 4.306 160.163 50.864 202.11 123.677 42.063 72.696 44.079 162.316 6.031 236.832-3.14 6.148-10.75 8.461-16.728 5.01z\"><\/path>\n              <\/svg><br \/>\n              Enviar<br \/>\n            <\/button>\n          <\/div>\n<\/p><\/div>\n<p>        <input type=\"text\" name=\"email_address_check\" value=\"\" class=\"input--hidden\"><br \/>\n        <input type=\"hidden\" name=\"locale\" value=\"es\"><br \/>\n        <input type=\"hidden\" name=\"html_type\" value=\"simple\"><br \/>\n      <\/form>\n<\/p><\/div>\n<\/p><\/div>\n<\/div>\n<\/div>\n<\/div>\n<\/div>\n<\/div>\n<\/section>\n<section id=\"sp-z3230rb99q1s\" data-mobile-visibility=\"#sp-z3230rb99q1s|false\" data-tablet-visibility=\"#sp-z3230rb99q1s|false\" data-desktop-visibility=\"#sp-z3230rb99q1s|false\" data-mobile-css=\"\" data-tablet-css=\"\" class=\"sp-el-section  spBgcover\" style=\"width: 100%; max-width: 100%; padding: 10px;\">\n<div id=\"sp-jfn212d0gyl8\" data-mobile-visibility=\"#sp-jfn212d0gyl8|false\" data-tablet-visibility=\"#sp-jfn212d0gyl8|false\" data-desktop-visibility=\"#sp-jfn212d0gyl8|false\" data-mobile-css=\"\" data-tablet-css=\"\" class=\"sp-el-row sp-w-full  sp-m-auto sm:sp-flex sp-justify-between\" style=\"padding: 0px; width: auto; max-width: 1000px;\">\n<div id=\"sp-vbkp6ovkqnxb\" data-mobile-visibility=\"#sp-vbkp6ovkqnxb|false\" data-tablet-visibility=\"#sp-vbkp6ovkqnxb|false\" data-desktop-visibility=\"#sp-vbkp6ovkqnxb|false\" data-mobile-css=\"\" data-tablet-css=\"\" class=\"sp-el-col  sp-w-full\" style=\"width: calc(100% + 0px);\">\n<div id=\"sp-sy6rfowqrdv\" data-mobile-css=\"#sp-sy6rfowqrdv .nav-menu .menu-item |text-align:center;width:100%\" data-tablet-css=\"#sp-sy6rfowqrdv .nav-menu .menu-item |text-align:center\" data-mobile-visibility=\".sp-nav-menu-block-sy6rfowqrdv|false\" data-tablet-visibility=\".sp-nav-menu-block-sy6rfowqrdv|false\" data-desktop-visibility=\".sp-nav-menu-block-sy6rfowqrdv|false\" class=\"sp-nav sp-flex sp-el-block sp-justify-center sp-nav-menu-block-sy6rfowqrdv\" style=\"margin: 12px 0px 0px; color: rgb(251, 140, 0); font-family: 'Berkshire Swash';\">\n<style type=\"text\/css\" data-mobile-css=\"\" data-tablet-css=\"#sp-sy6rfowqrdv|justify-content:center\"><\/style>\n<style type=\"text\/css\" data-mobile-css=\"#sp-sy6rfowqrdv ul li a |text-align:center\" data-tablet-css=\"#sp-sy6rfowqrdv ul li a |text-align:center\"><\/style>\n<style type=\"text\/css\" data-mobile-css=\"\"><\/style>\n<style type=\"text\/css\">\n    #sp-sy6rfowqrdv .seedprod-menu-horizontal .nav-menu .menu-item ,#sp-sy6rfowqrdv .seedprod-menu-horizontal .nav-menu .seedprod-menu-heading , #sp-sy6rfowqrdv .seedprod-menu-separator {padding:0px 13px}<\/p>\n<p>    #sp-sy6rfowqrdv .nav-menu ul.sub-menu {box-shadow:0 25px 50px -12px rgba(0, 0, 0, 0.25)}<\/p>\n<p>    #sp-sy6rfowqrdv ul li a {font-family:Berkshire Swash}<\/p>\n<p>    #sp-sy6rfowqrdv .seedprod-menu-horizontal .nav-menu .separator.menu-item { padding:0px; }<\/p>\n<p>    #sp-sy6rfowqrdv .custom-restricted-width .menu-item{padding:13px 0px}<\/p>\n<p>    #sp-sy6rfowqrdv .seedprod-menu-list li a {color:#fb8c00;text-align:center}\n    #sp-sy6rfowqrdv .seedprod-menu-list li{color:#fb8c00;text-align:center}<\/p>\n<p>    #sp-sy6rfowqrdv .seedprod-menu-list li a:hover {text-align:center}<\/p>\n<p>    #sp-sy6rfowqrdv .sub-menu {border-radius:6px;padding:4px 4px 4px 4px }<\/p>\n<p>    #sp-sy6rfowqrdv .sub-menu a {color:#fb8c00}<\/p>\n<p>    #sp-sy6rfowqrdv ul.seedprod-menu-list ul.sub-menu li a:hover{}<\/p>\n<p>    #sp-sy6rfowqrdv .bar{background-color:#fb8c00;}\n  <\/style>\n<div class=\"sp-nested-nav-wrapper h sp-nav-class\">\n<div class=\"seedprod-menu seedprod-menu-builder seedprod-menu-horizontal sp-mobile-menu-false\">\n<nav class=\"nav-bar\">\n<div class=\"hamburger\"><span class=\"bar\"><\/span><span class=\"bar\"><\/span><span class=\"bar\"><\/span><\/div>\n<div class=\"nav-menu\">\n<div class=\"nav-menu-bar\">\n<ul class=\"seedprod-menu-list\" style=\"list-style-type: none;\">\n<li class=\"menu-item\"><a href=\"https:\/\/astrologiainterdimensional.com\/\" target=\"\" rel=\"\" style=\"color: rgb(251, 140, 0);\"><span>Inicio<\/span><\/a><\/li>\n<\/ul>\n<\/div>\n<\/div>\n<\/nav>\n<\/div>\n<\/div>\n<\/div>\n<\/div>\n<\/div>\n<\/section>\n<section id=\"sp-ro7oqys2t5m\" data-mobile-visibility=\"#sp-ro7oqys2t5m|false\" data-tablet-visibility=\"#sp-ro7oqys2t5m|false\" data-desktop-visibility=\"#sp-ro7oqys2t5m|false\" data-mobile-css=\"\" data-tablet-css=\"\" class=\"sp-el-section  spBgcover\" style=\"background-color: rgb(255, 255, 255); width: 100%; max-width: 100%; padding: 10px;\">\n<div id=\"sp-g9ep37tm5a3\" data-mobile-visibility=\"#sp-g9ep37tm5a3|false\" data-tablet-visibility=\"#sp-g9ep37tm5a3|false\" data-desktop-visibility=\"#sp-g9ep37tm5a3|false\" data-mobile-css=\"\" data-tablet-css=\"\" class=\"sp-el-row sp-w-full  sp-m-auto sm:sp-flex sp-justify-between\" style=\"padding: 0px; width: auto; max-width: 1000px;\">\n<div id=\"sp-t7rsfc16pqpo\" data-mobile-visibility=\"#sp-t7rsfc16pqpo|false\" data-tablet-visibility=\"#sp-t7rsfc16pqpo|false\" data-desktop-visibility=\"#sp-t7rsfc16pqpo|false\" data-mobile-css=\"\" data-tablet-css=\"\" class=\"sp-el-col  sp-w-full\" style=\"width: calc(100% + 0px);\">\n<div id=\"sp-g5wjsbfm8lzk\" data-mobile-css=\"#sp-g5wjsbfm8lzk .nav-menu .menu-item |text-align:center;width:100%\" data-tablet-css=\"#sp-g5wjsbfm8lzk .nav-menu .menu-item |text-align:center\" data-mobile-visibility=\".sp-nav-menu-block-g5wjsbfm8lzk|false\" data-tablet-visibility=\".sp-nav-menu-block-g5wjsbfm8lzk|false\" data-desktop-visibility=\".sp-nav-menu-block-g5wjsbfm8lzk|false\" class=\"sp-nav sp-flex sp-el-block sp-justify-center sp-nav-menu-block-g5wjsbfm8lzk\" style=\"margin: 0px; font-size: 27px; color: rgb(251, 140, 0); font-family: 'Berkshire Swash';\">\n<style type=\"text\/css\" data-mobile-css=\"\" data-tablet-css=\"#sp-g5wjsbfm8lzk|justify-content:center\"><\/style>\n<style type=\"text\/css\" data-mobile-css=\"#sp-g5wjsbfm8lzk ul li a |text-align:center\" data-tablet-css=\"#sp-g5wjsbfm8lzk ul li a |text-align:center\"><\/style>\n<style type=\"text\/css\" data-mobile-css=\"\"><\/style>\n<style type=\"text\/css\">\n    #sp-g5wjsbfm8lzk .seedprod-menu-horizontal .nav-menu .menu-item ,#sp-g5wjsbfm8lzk .seedprod-menu-horizontal .nav-menu .seedprod-menu-heading , #sp-g5wjsbfm8lzk .seedprod-menu-separator {padding:0px 13px}<\/p>\n<p>    #sp-g5wjsbfm8lzk .nav-menu ul.sub-menu {box-shadow:0 25px 50px -12px rgba(0, 0, 0, 0.25)}<\/p>\n<p>    #sp-g5wjsbfm8lzk ul li a {font-size:27px;font-family:Berkshire Swash}<\/p>\n<p>    #sp-g5wjsbfm8lzk .seedprod-menu-horizontal .nav-menu .separator.menu-item { padding:0px; }<\/p>\n<p>    #sp-g5wjsbfm8lzk .custom-restricted-width .menu-item{padding:13px 0px}<\/p>\n<p>    #sp-g5wjsbfm8lzk .seedprod-menu-list li a {color:#fb8c00;text-align:center}\n    #sp-g5wjsbfm8lzk .seedprod-menu-list li{color:#fb8c00;text-align:center}<\/p>\n<p>    #sp-g5wjsbfm8lzk .seedprod-menu-list li a:hover {text-align:center}<\/p>\n<p>    #sp-g5wjsbfm8lzk .sub-menu {border-radius:6px;padding:4px 4px 4px 4px }<\/p>\n<p>    #sp-g5wjsbfm8lzk .sub-menu a {color:#fb8c00}<\/p>\n<p>    #sp-g5wjsbfm8lzk ul.seedprod-menu-list ul.sub-menu li a:hover{}<\/p>\n<p>    #sp-g5wjsbfm8lzk .bar{background-color:#fb8c00;}\n  <\/style>\n<div class=\"sp-nested-nav-wrapper h sp-nav-class\">\n<div class=\"seedprod-menu seedprod-menu-builder seedprod-menu-horizontal sp-mobile-menu-false\">\n<nav class=\"nav-bar\">\n<div class=\"hamburger\"><span class=\"bar\"><\/span><span class=\"bar\"><\/span><span class=\"bar\"><\/span><\/div>\n<div class=\"nav-menu\">\n<div class=\"nav-menu-bar\">\n<ul class=\"seedprod-menu-list\" style=\"list-style-type: none;\">\n<li class=\"menu-item\"><a href=\"https:\/\/astrologiainterdimensional.com\/\" target=\"\" rel=\"\" style=\"color: rgb(251, 140, 0);\"><span>Inicio<\/span><\/a><\/li>\n<li class=\"menu-item\"><a href=\"https:\/\/landing.astrologiainterdimensional.com\/index.php\/academia\/\" target=\"\" rel=\"\" style=\"color: rgb(251, 140, 0);\"><span>Academia<\/span><\/a><\/li>\n<\/ul>\n<\/div>\n<\/div>\n<\/nav>\n<\/div>\n<\/div>\n<\/div>\n<figure id=\"sp-z8o7prc2ea7r\" data-mobile-css=\"#sp-z8o7prc2ea7r|text-align:center;\" data-tablet-css=\"#sp-z8o7prc2ea7r|text-align:center;\" class=\"sp-image-wrapper sp-el-block\" style=\"margin: 4px 0px 0px; text-align: center;\">\n<div><span><a href=\"https:\/\/astrologiainterdimensional.com\/\" target=\"\" rel=\"\" class=\"sp-inline-block\"><img loading=\"lazy\" decoding=\"async\" src=\"https:\/\/landing.astrologiainterdimensional.com\/wp-content\/uploads\/2025\/03\/Recurso-3.png\" alt=\"\" width=\"875\" height=\"730\" srcset=\" https:\/\/landing.astrologiainterdimensional.com\/wp-content\/uploads\/2025\/03\/Recurso-3-150x150.png 150w, https:\/\/landing.astrologiainterdimensional.com\/wp-content\/uploads\/2025\/03\/Recurso-3-300x250.png 300w, https:\/\/landing.astrologiainterdimensional.com\/wp-content\/uploads\/2025\/03\/Recurso-3.png 875w\" data-mobile-visibility=\".sp-image-block-z8o7prc2ea7r|false\" data-tablet-visibility=\".sp-image-block-z8o7prc2ea7r|false\" data-desktop-visibility=\".sp-image-block-z8o7prc2ea7r|false\" class=\"sp-image-block-z8o7prc2ea7r\" style=\"width: 200px;\"><\/a><\/span><\/div>\n<div id=\"sp-image-dynamic-tags-js-z8o7prc2ea7r\"><script>jQuery(function() { image_dynamic_tags('z8o7prc2ea7r' );});<\/script><\/div>\n<\/figure>\n<\/div>\n<\/div>\n<\/section>\n<\/div>\n","protected":false},"excerpt":{"rendered":"<p>Una gu\u00eda para entender qu\u00e9 se est\u00e1 moviendo, no reaccionar desde el caos y llegar al final de esta semana con m\u00e1s claridad sobre vos y tu pr\u00f3ximo paso. Completa la solicitud con tu email \ud83d\udc47 Recibe el Mapa para atravesar la semana m\u00e1s intensa de Abril Introduces tu direcci\u00f3n de e-mail para recibirlo Introduce [&hellip;]<\/p>\n","protected":false},"author":2,"featured_media":0,"parent":0,"menu_order":0,"comment_status":"closed","ping_status":"closed","template":"","meta":{"footnotes":""},"class_list":["post-2329","page","type-page","status-publish","hentry"],"_links":{"self":[{"href":"https:\/\/landing.astrologiainterdimensional.com\/index.php\/wp-json\/wp\/v2\/pages\/2329","targetHints":{"allow":["GET"]}}],"collection":[{"href":"https:\/\/landing.astrologiainterdimensional.com\/index.php\/wp-json\/wp\/v2\/pages"}],"about":[{"href":"https:\/\/landing.astrologiainterdimensional.com\/index.php\/wp-json\/wp\/v2\/types\/page"}],"author":[{"embeddable":true,"href":"https:\/\/landing.astrologiainterdimensional.com\/index.php\/wp-json\/wp\/v2\/users\/2"}],"replies":[{"embeddable":true,"href":"https:\/\/landing.astrologiainterdimensional.com\/index.php\/wp-json\/wp\/v2\/comments?post=2329"}],"version-history":[{"count":4,"href":"https:\/\/landing.astrologiainterdimensional.com\/index.php\/wp-json\/wp\/v2\/pages\/2329\/revisions"}],"predecessor-version":[{"id":2336,"href":"https:\/\/landing.astrologiainterdimensional.com\/index.php\/wp-json\/wp\/v2\/pages\/2329\/revisions\/2336"}],"wp:attachment":[{"href":"https:\/\/landing.astrologiainterdimensional.com\/index.php\/wp-json\/wp\/v2\/media?parent=2329"}],"curies":[{"name":"wp","href":"https:\/\/api.w.org\/{rel}","templated":true}]}}